{"id":30821,"date":"2023-12-20T06:26:05","date_gmt":"2023-12-20T06:26:05","guid":{"rendered":"https:\/\/www.henanfoils.net\/pongase-en-contacto-con\/"},"modified":"2025-06-25T09:36:01","modified_gmt":"2025-06-25T09:36:01","slug":"contactar","status":"publish","type":"page","link":"https:\/\/www.henanfoils.net\/es\/contactar\/","title":{"rendered":"CONTACTAR"},"content":{"rendered":"\t\t<div data-elementor-type=\"wp-post\" data-elementor-id=\"30821\" class=\"elementor elementor-30821 elementor-25138\" data-elementor-post-type=\"page\">\n\t\t\t\t\t\t<section class=\"elementor-section elementor-top-section elementor-element elementor-element-77d2857 elementor-section-boxed elementor-section-height-default elementor-section-height-default\" data-id=\"77d2857\" data-element_type=\"section\" data-e-type=\"section\">\n\t\t\t\t\t\t<div class=\"elementor-container elementor-column-gap-default\">\n\t\t\t\t\t<div class=\"elementor-column elementor-col-100 elementor-top-column elementor-element elementor-element-1879436\" data-id=\"1879436\" data-element_type=\"column\" data-e-type=\"column\">\n\t\t\t<div class=\"elementor-widget-wrap elementor-element-populated\">\n\t\t\t\t\t\t<div class=\"elementor-element elementor-element-1cedbce elementor-widget elementor-widget-heading\" data-id=\"1cedbce\" data-element_type=\"widget\" data-e-type=\"widget\" data-widget_type=\"heading.default\">\n\t\t\t\t<div class=\"elementor-widget-container\">\n\t\t\t\t\t<h1 class=\"elementor-heading-title elementor-size-default\">UBICACIONES GLOBALES<\/h1>\t\t\t\t<\/div>\n\t\t\t\t<\/div>\n\t\t\t\t<div class=\"elementor-element elementor-element-6e7dc7e elementor-widget elementor-widget-heading\" data-id=\"6e7dc7e\" data-element_type=\"widget\" data-e-type=\"widget\" data-widget_type=\"heading.default\">\n\t\t\t\t<div class=\"elementor-widget-container\">\n\t\t\t\t\t<h2 class=\"elementor-heading-title elementor-size-default\">Dondequiera que nuestros clientes nos necesiten, all\u00ed estamos. A escala mundial.<\/h2>\t\t\t\t<\/div>\n\t\t\t\t<\/div>\n\t\t\t\t<div class=\"elementor-element elementor-element-7f0f086 elementor-widget elementor-widget-text-editor\" data-id=\"7f0f086\" data-element_type=\"widget\" data-e-type=\"widget\" data-widget_type=\"text-editor.default\">\n\t\t\t\t<div class=\"elementor-widget-container\">\n\t\t\t\t\t\t\t\t\t<p><strong>Somos un actor global.<\/strong>  El mundo actual es cada vez m\u00e1s digital y globalizado. Las grandes distancias, los diferentes husos horarios y la diversidad cultural forman parte de nuestra vida laboral cotidiana en Henan Foils.<br \/>Henan Foils atiende a clientes de todo el mundo. Para garantizar la libre disponibilidad de sus productos en todas partes, operamos en distintos lugares: desde pa\u00edses de Oriente Medio y Am\u00e9rica, Argentina y Brasil hasta Turqu\u00eda, Espa\u00f1a, Bulgaria e Italia, pasando por la India y localmente en China. Cada uno de estos centros suministra con el est\u00e1ndar de calidad <strong>\u00abHigh Q Packaging<\/strong> \u00ab, sin concesiones ni peros.<\/p>\n<p>En concreto, esto significa que nos aseguramos de que la cadena de creaci\u00f3n de valor en cada lugar nunca se rompa ni se interrumpa. Tambi\u00e9n significa que utilizamos todas las sinergias disponibles dentro de Henan Foils y las incorporamos plenamente a nuestros procesos. De la A a la Z, de la producci\u00f3n a la log\u00edstica.<\/p>\n\t\t\t\t\t\t\t\t<\/div>\n\t\t\t\t<\/div>\n\t\t\t\t\t<\/div>\n\t\t<\/div>\n\t\t\t\t\t<\/div>\n\t\t<\/section>\n\t\t\t\t<section class=\"elementor-section elementor-top-section elementor-element elementor-element-f3721fd elementor-section-boxed elementor-section-height-default elementor-section-height-default\" data-id=\"f3721fd\" data-element_type=\"section\" data-e-type=\"section\">\n\t\t\t\t\t\t<div class=\"elementor-container elementor-column-gap-default\">\n\t\t\t\t\t<div class=\"elementor-column elementor-col-100 elementor-top-column elementor-element elementor-element-70721ae\" data-id=\"70721ae\" data-element_type=\"column\" data-e-type=\"column\">\n\t\t\t<div class=\"elementor-widget-wrap elementor-element-populated\">\n\t\t\t\t\t\t<div class=\"elementor-element elementor-element-33ce7dc elementor-widget-divider--view-line elementor-widget elementor-widget-divider\" data-id=\"33ce7dc\" data-element_type=\"widget\" data-e-type=\"widget\" data-widget_type=\"divider.default\">\n\t\t\t\t<div class=\"elementor-widget-container\">\n\t\t\t\t\t\t\t<div class=\"elementor-divider\">\n\t\t\t<span class=\"elementor-divider-separator\">\n\t\t\t\t\t\t<\/span>\n\t\t<\/div>\n\t\t\t\t\t\t<\/div>\n\t\t\t\t<\/div>\n\t\t\t\t\t<\/div>\n\t\t<\/div>\n\t\t\t\t\t<\/div>\n\t\t<\/section>\n\t\t\t\t<section class=\"elementor-section elementor-top-section elementor-element elementor-element-ea18401 elementor-section-stretched elementor-section-full_width elementor-section-height-default elementor-section-height-default\" data-id=\"ea18401\" data-element_type=\"section\" data-e-type=\"section\" data-settings=\"{&quot;stretch_section&quot;:&quot;section-stretched&quot;}\">\n\t\t\t\t\t\t<div class=\"elementor-container elementor-column-gap-default\">\n\t\t\t\t\t<div class=\"elementor-column elementor-col-33 elementor-top-column elementor-element elementor-element-4749ffd\" data-id=\"4749ffd\" data-element_type=\"column\" data-e-type=\"column\">\n\t\t\t<div class=\"elementor-widget-wrap elementor-element-populated\">\n\t\t\t\t\t\t<div class=\"elementor-element elementor-element-d4f0540 elementor-widget elementor-widget-image\" data-id=\"d4f0540\" data-element_type=\"widget\" data-e-type=\"widget\" data-widget_type=\"image.default\">\n\t\t\t\t<div class=\"elementor-widget-container\">\n\t\t\t\t\t\t\t\t\t\t\t\t\t\t\t\t<a href=\"https:\/\/www.henanfoils.net\/es\/\">\n\t\t\t\t\t\t\t<img fetchpriority=\"high\" decoding=\"async\" width=\"441\" height=\"600\" src=\"https:\/\/www.henanfoils.net\/wp-content\/uploads\/2019\/12\/hennanfoilslogo-white_Vertical2.png\" class=\"attachment-full size-full wp-image-27040\" alt=\"\" srcset=\"https:\/\/www.henanfoils.net\/wp-content\/uploads\/2019\/12\/hennanfoilslogo-white_Vertical2.png 441w, https:\/\/www.henanfoils.net\/wp-content\/uploads\/2019\/12\/hennanfoilslogo-white_Vertical2-221x300.png 221w\" sizes=\"(max-width: 441px) 100vw, 441px\" \/>\t\t\t\t\t\t\t\t<\/a>\n\t\t\t\t\t\t\t\t\t\t\t\t\t\t\t<\/div>\n\t\t\t\t<\/div>\n\t\t\t\t\t<\/div>\n\t\t<\/div>\n\t\t\t\t<div class=\"elementor-column elementor-col-33 elementor-top-column elementor-element elementor-element-fa0204c\" data-id=\"fa0204c\" data-element_type=\"column\" data-e-type=\"column\">\n\t\t\t<div class=\"elementor-widget-wrap elementor-element-populated\">\n\t\t\t\t\t\t<div class=\"elementor-element elementor-element-98cb418 elementor-widget elementor-widget-heading\" data-id=\"98cb418\" data-element_type=\"widget\" data-e-type=\"widget\" data-widget_type=\"heading.default\">\n\t\t\t\t<div class=\"elementor-widget-container\">\n\t\t\t\t\t<h2 class=\"elementor-heading-title elementor-size-default\">OFICINA EUROPA<\/h2>\t\t\t\t<\/div>\n\t\t\t\t<\/div>\n\t\t\t\t<div class=\"elementor-element elementor-element-a96c11c elementor-widget elementor-widget-text-editor\" data-id=\"a96c11c\" data-element_type=\"widget\" data-e-type=\"widget\" data-widget_type=\"text-editor.default\">\n\t\t\t\t<div class=\"elementor-widget-container\">\n\t\t\t\t\t\t\t\t\t<p>T. Int. 00 48 780 909 203<br><a href=\"mailto:info@henanfoils.net\">info@henanfoils.net<\/a><\/p>\t\t\t\t\t\t\t\t<\/div>\n\t\t\t\t<\/div>\n\t\t\t\t<div class=\"elementor-element elementor-element-d4a9594 elementor-widget elementor-widget-heading\" data-id=\"d4a9594\" data-element_type=\"widget\" data-e-type=\"widget\" data-widget_type=\"heading.default\">\n\t\t\t\t<div class=\"elementor-widget-container\">\n\t\t\t\t\t<h2 class=\"elementor-heading-title elementor-size-default\">AM\u00c9RICA DEL SUR<\/h2>\t\t\t\t<\/div>\n\t\t\t\t<\/div>\n\t\t\t\t<div class=\"elementor-element elementor-element-cf32d28 elementor-widget elementor-widget-text-editor\" data-id=\"cf32d28\" data-element_type=\"widget\" data-e-type=\"widget\" data-widget_type=\"text-editor.default\">\n\t\t\t\t<div class=\"elementor-widget-container\">\n\t\t\t\t\t\t\t\t\t<p>Buenos Aires &#8211; ARGENTINA<br>T. +541143429583<br><a href=\"mailto:argentina@henanfoils.net\">argentina@henanfoils.net<\/a><\/p>\n<p><\/p>\t\t\t\t\t\t\t\t<\/div>\n\t\t\t\t<\/div>\n\t\t\t\t<div class=\"elementor-element elementor-element-28591f8 elementor-widget elementor-widget-heading\" data-id=\"28591f8\" data-element_type=\"widget\" data-e-type=\"widget\" data-widget_type=\"heading.default\">\n\t\t\t\t<div class=\"elementor-widget-container\">\n\t\t\t\t\t<h2 class=\"elementor-heading-title elementor-size-default\">ASIA<\/h2>\t\t\t\t<\/div>\n\t\t\t\t<\/div>\n\t\t\t\t<div class=\"elementor-element elementor-element-8b50579 elementor-widget elementor-widget-text-editor\" data-id=\"8b50579\" data-element_type=\"widget\" data-e-type=\"widget\" data-widget_type=\"text-editor.default\">\n\t\t\t\t<div class=\"elementor-widget-container\">\n\t\t\t\t\t\t\t\t\t<p>T.+86 150 6780 6619<br \/><a href=\"mailto:henanfoils@henanfoils.net\">henanfoils@henanfoils.net<\/a><\/p>\n\t\t\t\t\t\t\t\t<\/div>\n\t\t\t\t<\/div>\n\t\t\t\t\t<\/div>\n\t\t<\/div>\n\t\t\t\t<div class=\"elementor-column elementor-col-33 elementor-top-column elementor-element elementor-element-e5e7ef2\" data-id=\"e5e7ef2\" data-element_type=\"column\" data-e-type=\"column\" data-settings=\"{&quot;background_background&quot;:&quot;classic&quot;}\">\n\t\t\t<div class=\"elementor-widget-wrap elementor-element-populated\">\n\t\t\t\t\t\t<div class=\"elementor-element elementor-element-6aa8a71 elementor-widget elementor-widget-heading\" data-id=\"6aa8a71\" data-element_type=\"widget\" data-e-type=\"widget\" data-widget_type=\"heading.default\">\n\t\t\t\t<div class=\"elementor-widget-container\">\n\t\t\t\t\t<p class=\"elementor-heading-title elementor-size-default\">\u00bfM\u00e1s informaci\u00f3n?  <br>  P\u00f3ngase en contacto con nosotros<\/p>\t\t\t\t<\/div>\n\t\t\t\t<\/div>\n\t\t\t\t<div class=\"elementor-element elementor-element-9fec0fa elementor-button-align-stretch elementor-widget elementor-widget-form\" data-id=\"9fec0fa\" data-element_type=\"widget\" data-e-type=\"widget\" data-settings=\"{&quot;step_next_label&quot;:&quot;Siguiente&quot;,&quot;step_previous_label&quot;:&quot;Anterior&quot;,&quot;button_width&quot;:&quot;100&quot;,&quot;step_type&quot;:&quot;number_text&quot;,&quot;step_icon_shape&quot;:&quot;circle&quot;}\" data-widget_type=\"form.default\">\n\t\t\t\t<div class=\"elementor-widget-container\">\n\t\t\t\t\t\t\t<form class=\"elementor-form\" method=\"post\" id=\"henanForm_Contact\" name=\"Formulario_p\u00e1gina_de_contacto\" aria-label=\"Formulario_p\u00e1gina_de_contacto\">\n\t\t\t<input type=\"hidden\" name=\"post_id\" value=\"30821\"\/>\n\t\t\t<input type=\"hidden\" name=\"form_id\" value=\"9fec0fa\"\/>\n\t\t\t<input type=\"hidden\" name=\"referer_title\" value=\"CONTACTAR |\" \/>\n\n\t\t\t\t\t\t\t<input type=\"hidden\" name=\"queried_id\" value=\"30821\"\/>\n\t\t\t\n\t\t\t<div class=\"elementor-form-fields-wrapper elementor-labels-\">\n\t\t\t\t\t\t\t\t<div class=\"elementor-field-type-text elementor-field-group elementor-column elementor-field-group-name elementor-col-100\">\n\t\t\t\t\t\t\t\t\t\t\t\t<label for=\"form-field-name\" class=\"elementor-field-label elementor-screen-only\">\n\t\t\t\t\t\t\t\tNombre\t\t\t\t\t\t\t<\/label>\n\t\t\t\t\t\t\t\t\t\t\t\t\t\t<input size=\"1\" type=\"text\" name=\"form_fields[name]\" id=\"form-field-name\" class=\"elementor-field elementor-size-xs  elementor-field-textual\" placeholder=\"Nombre\">\n\t\t\t\t\t\t\t\t\t\t\t<\/div>\n\t\t\t\t\t\t\t\t<div class=\"elementor-field-type-email elementor-field-group elementor-column elementor-field-group-email elementor-col-100 elementor-field-required\">\n\t\t\t\t\t\t\t\t\t\t\t\t<label for=\"form-field-email\" class=\"elementor-field-label elementor-screen-only\">\n\t\t\t\t\t\t\t\tCorreo electr\u00f3nico\t\t\t\t\t\t\t<\/label>\n\t\t\t\t\t\t\t\t\t\t\t\t\t\t<input size=\"1\" type=\"email\" name=\"form_fields[email]\" id=\"form-field-email\" class=\"elementor-field elementor-size-xs  elementor-field-textual\" placeholder=\"Correo electr\u00f3nico\" required=\"required\">\n\t\t\t\t\t\t\t\t\t\t\t<\/div>\n\t\t\t\t\t\t\t\t<div class=\"elementor-field-type-text elementor-field-group elementor-column elementor-field-group-field_512a194 elementor-col-100\">\n\t\t\t\t\t\t\t\t\t\t\t\t\t<input size=\"1\" type=\"text\" name=\"form_fields[field_512a194]\" id=\"form-field-field_512a194\" class=\"elementor-field elementor-size-xs  elementor-field-textual\" value=\"Country\">\n\t\t\t\t\t\t\t\t\t\t\t<\/div>\n\t\t\t\t\t\t\t\t<div class=\"elementor-field-type-textarea elementor-field-group elementor-column elementor-field-group-field_bc87032 elementor-col-100 elementor-field-required\">\n\t\t\t\t\t\t\t\t\t\t\t\t<label for=\"form-field-field_bc87032\" class=\"elementor-field-label elementor-screen-only\">\n\t\t\t\t\t\t\t\tAsunto\t\t\t\t\t\t\t<\/label>\n\t\t\t\t\t\t<textarea class=\"elementor-field-textual elementor-field  elementor-size-xs\" name=\"form_fields[field_bc87032]\" id=\"form-field-field_bc87032\" rows=\"1\" placeholder=\"Asunto\" required=\"required\"><\/textarea>\t\t\t\t<\/div>\n\t\t\t\t\t\t\t\t<div class=\"elementor-field-type-textarea elementor-field-group elementor-column elementor-field-group-field_1dade9f elementor-col-100 elementor-field-required\">\n\t\t\t\t\t\t\t\t\t\t\t\t<label for=\"form-field-field_1dade9f\" class=\"elementor-field-label elementor-screen-only\">\n\t\t\t\t\t\t\t\tMensaje\t\t\t\t\t\t\t<\/label>\n\t\t\t\t\t\t<textarea class=\"elementor-field-textual elementor-field  elementor-size-xs\" name=\"form_fields[field_1dade9f]\" id=\"form-field-field_1dade9f\" rows=\"4\" placeholder=\"Mensaje\" required=\"required\"><\/textarea>\t\t\t\t<\/div>\n\t\t\t\t\t\t\t\t<div class=\"elementor-field-type-text\">\n\t\t\t\t\t<input size=\"1\" type=\"text\" name=\"form_fields[field_4cdca75]\" id=\"form-field-field_4cdca75\" class=\"elementor-field elementor-size-xs \" style=\"display:none !important;\">\t\t\t\t<\/div>\n\t\t\t\t\t\t\t\t<div class=\"elementor-field-type-recaptcha_v3 elementor-field-group elementor-column elementor-field-group-field_0e983e7 elementor-col-100 recaptcha_v3-inline\">\n\t\t\t\t\t<div class=\"elementor-field\" id=\"form-field-field_0e983e7\"><div class=\"elementor-g-recaptcha\" data-sitekey=\"6LfmxIUUAAAAAHlIlEibbJpildewqlVl66upD4Hb\" data-type=\"v3\" data-action=\"Form\" data-badge=\"inline\" data-size=\"invisible\"><\/div><\/div>\t\t\t\t<\/div>\n\t\t\t\t\t\t\t\t<div class=\"elementor-field-group elementor-column elementor-field-type-submit elementor-col-100 e-form__buttons\">\n\t\t\t\t\t<button class=\"elementor-button elementor-size-sm\" type=\"submit\">\n\t\t\t\t\t\t<span class=\"elementor-button-content-wrapper\">\n\t\t\t\t\t\t\t\t\t\t\t\t\t\t\t\t\t\t\t\t\t\t<span class=\"elementor-button-text\">Enviar<\/span>\n\t\t\t\t\t\t\t\t\t\t\t\t\t<\/span>\n\t\t\t\t\t<\/button>\n\t\t\t\t<\/div>\n\t\t\t<\/div>\n\t\t<\/form>\n\t\t\t\t\t\t<\/div>\n\t\t\t\t<\/div>\n\t\t\t\t<div class=\"elementor-element elementor-element-d75b7a7 elementor-widget elementor-widget-toggle\" data-id=\"d75b7a7\" data-element_type=\"widget\" data-e-type=\"widget\" data-widget_type=\"toggle.default\">\n\t\t\t\t<div class=\"elementor-widget-container\">\n\t\t\t\t\t\t\t<div class=\"elementor-toggle\">\n\t\t\t\t\t\t\t<div class=\"elementor-toggle-item\">\n\t\t\t\t\t<div id=\"elementor-tab-title-2251\" class=\"elementor-tab-title\" data-tab=\"1\" role=\"button\" aria-controls=\"elementor-tab-content-2251\" aria-expanded=\"false\">\n\t\t\t\t\t\t\t\t\t\t\t\t<span class=\"elementor-toggle-icon elementor-toggle-icon-left\" aria-hidden=\"true\">\n\t\t\t\t\t\t\t\t\t\t\t\t\t\t\t<span class=\"elementor-toggle-icon-closed\"><i class=\"fas fa-caret-right\"><\/i><\/span>\n\t\t\t\t\t\t\t\t<span class=\"elementor-toggle-icon-opened\"><i class=\"elementor-toggle-icon-opened fas fa-caret-up\"><\/i><\/span>\n\t\t\t\t\t\t\t\t\t\t\t\t\t<\/span>\n\t\t\t\t\t\t\t\t\t\t\t\t<a class=\"elementor-toggle-title\" tabindex=\"0\">Protecci\u00f3n de datos<\/a>\n\t\t\t\t\t<\/div>\n\n\t\t\t\t\t<div id=\"elementor-tab-content-2251\" class=\"elementor-tab-content elementor-clearfix\" data-tab=\"1\" role=\"region\" aria-labelledby=\"elementor-tab-title-2251\"><p>En cumplimiento de la Ley Org\u00e1nica 15\/1999, de 13 de diciembre, de Protecci\u00f3n de Datos de Car\u00e1cter Personal, le informamos que los datos personales solicitados en nuestros formularios ser\u00e1n incluidos en los ficheros titularidad de Henan Foils.net . El usuario dispondr\u00e1 en todo momento de los derechos de informaci\u00f3n, acceso, rectificaci\u00f3n, oposici\u00f3n y cancelaci\u00f3n de los datos personales seg\u00fan lo estipulado en la Ley Org\u00e1nica de Protecci\u00f3n de Datos de Car\u00e1cter Personal (LOPD 15\/1999), a trav\u00e9s del siguiente correo electr\u00f3nico: <a href=\"mailto:info@henanfoils.net\">info@henanfoils.net<\/a><\/p>\n<\/div>\n\t\t\t\t<\/div>\n\t\t\t\t\t\t\t\t<\/div>\n\t\t\t\t\t\t<\/div>\n\t\t\t\t<\/div>\n\t\t\t\t\t<\/div>\n\t\t<\/div>\n\t\t\t\t\t<\/div>\n\t\t<\/section>\n\t\t\t\t<\/div>\n\t\t","protected":false},"excerpt":{"rendered":"<p>UBICACIONES GLOBALES Dondequiera que nuestros clientes nos necesiten, all\u00ed estamos. A escala mundial. Somos un actor global. El mundo actual es cada vez m\u00e1s digital y globalizado. Las grandes distancias, los diferentes husos horarios y la diversidad cultural forman parte de nuestra vida laboral cotidiana en Henan Foils.Henan Foils atiende a clientes de todo el [&hellip;]<\/p>\n","protected":false},"author":1,"featured_media":0,"parent":0,"menu_order":0,"comment_status":"closed","ping_status":"closed","template":"elementor_header_footer","meta":{"footnotes":""},"class_list":["post-30821","page","type-page","status-publish","hentry"],"yoast_head":"<!-- This site is optimized with the Yoast SEO plugin v27.4 - https:\/\/yoast.com\/product\/yoast-seo-wordpress\/ -->\n<title>CONTACTAR |<\/title>\n<meta name=\"robots\" content=\"index, follow, max-snippet:-1, max-image-preview:large, max-video-preview:-1\" \/>\n<link rel=\"canonical\" href=\"https:\/\/www.henanfoils.net\/es\/contactar\/\" \/>\n<meta property=\"og:locale\" content=\"es_ES\" \/>\n<meta property=\"og:type\" content=\"article\" \/>\n<meta property=\"og:title\" content=\"CONTACTAR |\" \/>\n<meta property=\"og:description\" content=\"UBICACIONES GLOBALES Dondequiera que nuestros clientes nos necesiten, all\u00ed estamos. A escala mundial. Somos un actor global. El mundo actual es cada vez m\u00e1s digital y globalizado. Las grandes distancias, los diferentes husos horarios y la diversidad cultural forman parte de nuestra vida laboral cotidiana en Henan Foils.Henan Foils atiende a clientes de todo el [&hellip;]\" \/>\n<meta property=\"og:url\" content=\"https:\/\/www.henanfoils.net\/es\/contactar\/\" \/>\n<meta property=\"og:site_name\" content=\"Henan Stamping Foils\" \/>\n<meta property=\"article:publisher\" content=\"https:\/\/www.facebook.com\/henan.foils\" \/>\n<meta property=\"article:modified_time\" content=\"2025-06-25T09:36:01+00:00\" \/>\n<meta property=\"og:image\" content=\"http:\/\/www.henanfoils.net\/wp-content\/uploads\/2019\/12\/hennanfoilslogo-white_Vertical2.png\" \/>\n<meta name=\"twitter:card\" content=\"summary_large_image\" \/>\n<meta name=\"twitter:site\" content=\"@Henanfoils\" \/>\n<meta name=\"twitter:label1\" content=\"Tiempo de lectura\" \/>\n\t<meta name=\"twitter:data1\" content=\"2 minutos\" \/>\n<script type=\"application\/ld+json\" class=\"yoast-schema-graph\">{\"@context\":\"https:\\\/\\\/schema.org\",\"@graph\":[{\"@type\":\"WebPage\",\"@id\":\"https:\\\/\\\/www.henanfoils.net\\\/es\\\/contactar\\\/\",\"url\":\"https:\\\/\\\/www.henanfoils.net\\\/es\\\/contactar\\\/\",\"name\":\"CONTACTAR |\",\"isPartOf\":{\"@id\":\"https:\\\/\\\/www.henanfoils.net\\\/es\\\/#website\"},\"primaryImageOfPage\":{\"@id\":\"https:\\\/\\\/www.henanfoils.net\\\/es\\\/contactar\\\/#primaryimage\"},\"image\":{\"@id\":\"https:\\\/\\\/www.henanfoils.net\\\/es\\\/contactar\\\/#primaryimage\"},\"thumbnailUrl\":\"http:\\\/\\\/www.henanfoils.net\\\/wp-content\\\/uploads\\\/2019\\\/12\\\/hennanfoilslogo-white_Vertical2.png\",\"datePublished\":\"2023-12-20T06:26:05+00:00\",\"dateModified\":\"2025-06-25T09:36:01+00:00\",\"breadcrumb\":{\"@id\":\"https:\\\/\\\/www.henanfoils.net\\\/es\\\/contactar\\\/#breadcrumb\"},\"inLanguage\":\"es\",\"potentialAction\":[{\"@type\":\"ReadAction\",\"target\":[\"https:\\\/\\\/www.henanfoils.net\\\/es\\\/contactar\\\/\"]}]},{\"@type\":\"ImageObject\",\"inLanguage\":\"es\",\"@id\":\"https:\\\/\\\/www.henanfoils.net\\\/es\\\/contactar\\\/#primaryimage\",\"url\":\"http:\\\/\\\/www.henanfoils.net\\\/wp-content\\\/uploads\\\/2019\\\/12\\\/hennanfoilslogo-white_Vertical2.png\",\"contentUrl\":\"http:\\\/\\\/www.henanfoils.net\\\/wp-content\\\/uploads\\\/2019\\\/12\\\/hennanfoilslogo-white_Vertical2.png\"},{\"@type\":\"BreadcrumbList\",\"@id\":\"https:\\\/\\\/www.henanfoils.net\\\/es\\\/contactar\\\/#breadcrumb\",\"itemListElement\":[{\"@type\":\"ListItem\",\"position\":1,\"name\":\"Home\",\"item\":\"https:\\\/\\\/www.henanfoils.net\\\/es\\\/\"},{\"@type\":\"ListItem\",\"position\":2,\"name\":\"CONTACTAR\"}]},{\"@type\":\"WebSite\",\"@id\":\"https:\\\/\\\/www.henanfoils.net\\\/es\\\/#website\",\"url\":\"https:\\\/\\\/www.henanfoils.net\\\/es\\\/\",\"name\":\"Henan Stamping Foils\",\"description\":\"Henan stamping foils\",\"publisher\":{\"@id\":\"https:\\\/\\\/www.henanfoils.net\\\/es\\\/#organization\"},\"potentialAction\":[{\"@type\":\"SearchAction\",\"target\":{\"@type\":\"EntryPoint\",\"urlTemplate\":\"https:\\\/\\\/www.henanfoils.net\\\/es\\\/?s={search_term_string}\"},\"query-input\":{\"@type\":\"PropertyValueSpecification\",\"valueRequired\":true,\"valueName\":\"search_term_string\"}}],\"inLanguage\":\"es\"},{\"@type\":\"Organization\",\"@id\":\"https:\\\/\\\/www.henanfoils.net\\\/es\\\/#organization\",\"name\":\"Henan Foils\",\"url\":\"https:\\\/\\\/www.henanfoils.net\\\/es\\\/\",\"logo\":{\"@type\":\"ImageObject\",\"inLanguage\":\"es\",\"@id\":\"https:\\\/\\\/www.henanfoils.net\\\/es\\\/#\\\/schema\\\/logo\\\/image\\\/\",\"url\":\"https:\\\/\\\/www.henanfoils.net\\\/wp-content\\\/uploads\\\/2018\\\/05\\\/HF-logo-Gold-swan.jpg\",\"contentUrl\":\"https:\\\/\\\/www.henanfoils.net\\\/wp-content\\\/uploads\\\/2018\\\/05\\\/HF-logo-Gold-swan.jpg\",\"width\":509,\"height\":382,\"caption\":\"Henan Foils\"},\"image\":{\"@id\":\"https:\\\/\\\/www.henanfoils.net\\\/es\\\/#\\\/schema\\\/logo\\\/image\\\/\"},\"sameAs\":[\"https:\\\/\\\/www.facebook.com\\\/henan.foils\",\"https:\\\/\\\/x.com\\\/Henanfoils\"]}]}<\/script>\n<!-- \/ Yoast SEO plugin. -->","yoast_head_json":{"title":"CONTACTAR |","robots":{"index":"index","follow":"follow","max-snippet":"max-snippet:-1","max-image-preview":"max-image-preview:large","max-video-preview":"max-video-preview:-1"},"canonical":"https:\/\/www.henanfoils.net\/es\/contactar\/","og_locale":"es_ES","og_type":"article","og_title":"CONTACTAR |","og_description":"UBICACIONES GLOBALES Dondequiera que nuestros clientes nos necesiten, all\u00ed estamos. A escala mundial. Somos un actor global. El mundo actual es cada vez m\u00e1s digital y globalizado. Las grandes distancias, los diferentes husos horarios y la diversidad cultural forman parte de nuestra vida laboral cotidiana en Henan Foils.Henan Foils atiende a clientes de todo el [&hellip;]","og_url":"https:\/\/www.henanfoils.net\/es\/contactar\/","og_site_name":"Henan Stamping Foils","article_publisher":"https:\/\/www.facebook.com\/henan.foils","article_modified_time":"2025-06-25T09:36:01+00:00","og_image":[{"url":"http:\/\/www.henanfoils.net\/wp-content\/uploads\/2019\/12\/hennanfoilslogo-white_Vertical2.png","type":"","width":"","height":""}],"twitter_card":"summary_large_image","twitter_site":"@Henanfoils","twitter_misc":{"Tiempo de lectura":"2 minutos"},"schema":{"@context":"https:\/\/schema.org","@graph":[{"@type":"WebPage","@id":"https:\/\/www.henanfoils.net\/es\/contactar\/","url":"https:\/\/www.henanfoils.net\/es\/contactar\/","name":"CONTACTAR |","isPartOf":{"@id":"https:\/\/www.henanfoils.net\/es\/#website"},"primaryImageOfPage":{"@id":"https:\/\/www.henanfoils.net\/es\/contactar\/#primaryimage"},"image":{"@id":"https:\/\/www.henanfoils.net\/es\/contactar\/#primaryimage"},"thumbnailUrl":"http:\/\/www.henanfoils.net\/wp-content\/uploads\/2019\/12\/hennanfoilslogo-white_Vertical2.png","datePublished":"2023-12-20T06:26:05+00:00","dateModified":"2025-06-25T09:36:01+00:00","breadcrumb":{"@id":"https:\/\/www.henanfoils.net\/es\/contactar\/#breadcrumb"},"inLanguage":"es","potentialAction":[{"@type":"ReadAction","target":["https:\/\/www.henanfoils.net\/es\/contactar\/"]}]},{"@type":"ImageObject","inLanguage":"es","@id":"https:\/\/www.henanfoils.net\/es\/contactar\/#primaryimage","url":"http:\/\/www.henanfoils.net\/wp-content\/uploads\/2019\/12\/hennanfoilslogo-white_Vertical2.png","contentUrl":"http:\/\/www.henanfoils.net\/wp-content\/uploads\/2019\/12\/hennanfoilslogo-white_Vertical2.png"},{"@type":"BreadcrumbList","@id":"https:\/\/www.henanfoils.net\/es\/contactar\/#breadcrumb","itemListElement":[{"@type":"ListItem","position":1,"name":"Home","item":"https:\/\/www.henanfoils.net\/es\/"},{"@type":"ListItem","position":2,"name":"CONTACTAR"}]},{"@type":"WebSite","@id":"https:\/\/www.henanfoils.net\/es\/#website","url":"https:\/\/www.henanfoils.net\/es\/","name":"Henan Stamping Foils","description":"Henan stamping foils","publisher":{"@id":"https:\/\/www.henanfoils.net\/es\/#organization"},"potentialAction":[{"@type":"SearchAction","target":{"@type":"EntryPoint","urlTemplate":"https:\/\/www.henanfoils.net\/es\/?s={search_term_string}"},"query-input":{"@type":"PropertyValueSpecification","valueRequired":true,"valueName":"search_term_string"}}],"inLanguage":"es"},{"@type":"Organization","@id":"https:\/\/www.henanfoils.net\/es\/#organization","name":"Henan Foils","url":"https:\/\/www.henanfoils.net\/es\/","logo":{"@type":"ImageObject","inLanguage":"es","@id":"https:\/\/www.henanfoils.net\/es\/#\/schema\/logo\/image\/","url":"https:\/\/www.henanfoils.net\/wp-content\/uploads\/2018\/05\/HF-logo-Gold-swan.jpg","contentUrl":"https:\/\/www.henanfoils.net\/wp-content\/uploads\/2018\/05\/HF-logo-Gold-swan.jpg","width":509,"height":382,"caption":"Henan Foils"},"image":{"@id":"https:\/\/www.henanfoils.net\/es\/#\/schema\/logo\/image\/"},"sameAs":["https:\/\/www.facebook.com\/henan.foils","https:\/\/x.com\/Henanfoils"]}]}},"_links":{"self":[{"href":"https:\/\/www.henanfoils.net\/es\/wp-json\/wp\/v2\/pages\/30821","targetHints":{"allow":["GET"]}}],"collection":[{"href":"https:\/\/www.henanfoils.net\/es\/wp-json\/wp\/v2\/pages"}],"about":[{"href":"https:\/\/www.henanfoils.net\/es\/wp-json\/wp\/v2\/types\/page"}],"author":[{"embeddable":true,"href":"https:\/\/www.henanfoils.net\/es\/wp-json\/wp\/v2\/users\/1"}],"replies":[{"embeddable":true,"href":"https:\/\/www.henanfoils.net\/es\/wp-json\/wp\/v2\/comments?post=30821"}],"version-history":[{"count":5,"href":"https:\/\/www.henanfoils.net\/es\/wp-json\/wp\/v2\/pages\/30821\/revisions"}],"predecessor-version":[{"id":31489,"href":"https:\/\/www.henanfoils.net\/es\/wp-json\/wp\/v2\/pages\/30821\/revisions\/31489"}],"wp:attachment":[{"href":"https:\/\/www.henanfoils.net\/es\/wp-json\/wp\/v2\/media?parent=30821"}],"curies":[{"name":"wp","href":"https:\/\/api.w.org\/{rel}","templated":true}]}}