{"id":31038,"date":"2023-12-20T06:31:38","date_gmt":"2023-12-20T06:31:38","guid":{"rendered":"https:\/\/www.henanfoils.net\/productos\/lamina-holografica\/estampacion-en-caliente-holografica\/"},"modified":"2023-12-20T06:31:39","modified_gmt":"2023-12-20T06:31:39","slug":"estampacion-en-caliente-holografica","status":"publish","type":"page","link":"https:\/\/www.henanfoils.net\/es\/productos\/lamina-holografica\/estampacion-en-caliente-holografica\/","title":{"rendered":"Estampaci\u00f3n en caliente hologr\u00e1fica"},"content":{"rendered":"\t\t<div data-elementor-type=\"wp-post\" data-elementor-id=\"31038\" class=\"elementor elementor-31038 elementor-145\">\n\t\t\t\t\t\t<section class=\"elementor-section elementor-top-section elementor-element elementor-element-a5dbdb5 elementor-section-stretched elementor-section-full_width elementor-section-height-min-height bannerbox elementor-section-height-default elementor-section-items-middle\" data-id=\"a5dbdb5\" data-element_type=\"section\" data-e-type=\"section\" data-settings=\"{&quot;stretch_section&quot;:&quot;section-stretched&quot;}\">\n\t\t\t\t\t\t<div class=\"elementor-container elementor-column-gap-no\">\n\t\t\t\t\t<div class=\"elementor-column elementor-col-100 elementor-top-column elementor-element elementor-element-0c89a23\" data-id=\"0c89a23\" data-element_type=\"column\" data-e-type=\"column\">\n\t\t\t<div class=\"elementor-widget-wrap elementor-element-populated\">\n\t\t\t\t\t\t<div class=\"elementor-element elementor-element-6ad55db elementor-widget elementor-widget-template\" data-id=\"6ad55db\" data-element_type=\"widget\" data-e-type=\"widget\" data-widget_type=\"template.default\">\n\t\t\t\t<div class=\"elementor-widget-container\">\n\t\t\t\t\t \t\t\t\t<\/div>\n\t\t\t\t<\/div>\n\t\t\t\t<div class=\"elementor-element elementor-element-4ab951c elementor-widget elementor-widget-slides\" data-id=\"4ab951c\" data-element_type=\"widget\" data-e-type=\"widget\" data-widget_type=\"slides.default\">\n\t\t\t\t<div class=\"elementor-widget-container\">\n\t\t\t\t\t \t\t\t\t<\/div>\n\t\t\t\t<\/div>\n\t\t\t\t\t<\/div>\n\t\t<\/div>\n\t\t\t\t\t<\/div>\n\t\t<\/section>\n\t\t\t\t<section class=\"elementor-section elementor-top-section elementor-element elementor-element-f4d3301 elementor-section-stretched elementor-section-full_width elementor-section-height-default elementor-section-height-default\" data-id=\"f4d3301\" data-element_type=\"section\" data-e-type=\"section\" data-settings=\"{&quot;stretch_section&quot;:&quot;section-stretched&quot;}\">\n\t\t\t\t\t\t<div class=\"elementor-container elementor-column-gap-default\">\n\t\t\t\t\t<div class=\"elementor-column elementor-col-50 elementor-top-column elementor-element elementor-element-340fdce\" data-id=\"340fdce\" data-element_type=\"column\" data-e-type=\"column\">\n\t\t\t<div class=\"elementor-widget-wrap elementor-element-populated\">\n\t\t\t\t\t\t<div class=\"elementor-element elementor-element-1954c7e elementor-widget elementor-widget-nav-menu\" data-id=\"1954c7e\" data-element_type=\"widget\" data-e-type=\"widget\" data-widget_type=\"nav-menu.default\">\n\t\t\t\t<div class=\"elementor-widget-container\">\n\t\t\t\t\t \t\t\t\t<\/div>\n\t\t\t\t<\/div>\n\t\t\t\t\t<\/div>\n\t\t<\/div>\n\t\t\t\t<div class=\"elementor-column elementor-col-50 elementor-top-column elementor-element elementor-element-fd22a69\" data-id=\"fd22a69\" data-element_type=\"column\" data-e-type=\"column\">\n\t\t\t<div class=\"elementor-widget-wrap elementor-element-populated\">\n\t\t\t\t\t\t<div class=\"elementor-element elementor-element-b0d4cb9 elementor-widget elementor-widget-text-editor\" data-id=\"b0d4cb9\" data-element_type=\"widget\" data-e-type=\"widget\" data-widget_type=\"text-editor.default\">\n\t\t\t\t<div class=\"elementor-widget-container\">\n\t\t\t\t\t\t\t\t\t<strong>Serie PHS<\/strong>: atraiga a sus clientes con el \u00abbrillo\u00bb que aporta la l\u00e1mina hologr\u00e1fica a sus dise\u00f1os. Los patrones de l\u00e1minas hologr\u00e1ficas de la serie PHS ofrecen un aspecto din\u00e1mico diferente, complementando los gr\u00e1ficos de su dise\u00f1o para ayudarle a archivar el efecto llamativo que desea.\n\nLa serie PHS es una l\u00ednea de productos hologr\u00e1ficos vers\u00e1til que permite superficies medianas y grandes que se adhieren a una gran variedad de sustratos.\n\n<strong>HENAN FOILS<\/strong> ofrece motivos hologr\u00e1ficos que a\u00f1aden una nueva dimensi\u00f3n a los dise\u00f1os.\n\nDisponibles en una amplia gama de dise\u00f1os y colores, las l\u00e1minas hologr\u00e1ficas son muy eficaces en aplicaciones como:\n<ul>\n \t<li>tarjetas de felicitaci\u00f3n<\/li>\n \t<li>folletos<\/li>\n \t<li>cat\u00e1logos<\/li>\n \t<li>cajas plegables<\/li>\n \t<li>etiquetas<\/li>\n \t<li>muestra<\/li>\n \t<li>pl\u00e1sticos moldeados por inyecci\u00f3n y extruidos<\/li>\n \t<li>instrumentos de escritura<\/li>\n<\/ul>\nAdecuada para una gran variedad de aplicaciones de artes gr\u00e1ficas y pl\u00e1sticos, incluidos poliestireno, ABS, acr\u00edlicos, PVC r\u00edgido, polietileno, polipropileno, laminados y sustratos de cart\u00f3n.\n\n<strong>Patr\u00f3n hologr\u00e1fico est\u00e1ndar:<\/strong>\n<ul>\n \t<li>Cristal grande roto<\/li>\n \t<li>Peque\u00f1o cristal roto<\/li>\n \t<li>Arena<\/li>\n \t<li>Espumill\u00f3n peque\u00f1o<\/li>\n \t<li>Espumill\u00f3n grande<\/li>\n \t<li>Pulsante<\/li>\n \t<li>Arco iris<\/li>\n \t<li>Fingerlock chino<\/li>\n \t<li>Jud\u00edas saltarinas<\/li>\n \t<li>Purpurina<\/li>\n \t<li>Puntos<\/li>\n \t<li>Champ\u00e1n<\/li>\n \t<li>Lava lunar<\/li>\n \t<li>Noche inaugural<\/li>\n \t<li>Burbujas diminutas<\/li>\n \t<li>Ver las estrellas<\/li>\n \t<li>Caleidoscopio<\/li>\n<\/ul>\nLas l\u00e1minas con patr\u00f3n est\u00e1n disponibles en una gran variedad de dise\u00f1os, o pueden fabricarse para adaptarse a los requisitos espec\u00edficos de su aplicaci\u00f3n.\n\n<strong>HENAN FOILS<\/strong> a\u00f1ade continuamente nuevas l\u00e1minas patten entre las que elegir. P\u00f3ngase en contacto con nosotros para obtener m\u00e1s informaci\u00f3n sobre todos los patrones hologr\u00e1ficos de Henan Foils.\t\t\t\t\t\t\t\t<\/div>\n\t\t\t\t<\/div>\n\t\t\t\t<div class=\"elementor-element elementor-element-33e756f elementor-widget elementor-widget-text-editor\" data-id=\"33e756f\" data-element_type=\"widget\" data-e-type=\"widget\" data-widget_type=\"text-editor.default\">\n\t\t\t\t<div class=\"elementor-widget-container\">\n\t\t\t\t\t\t\t\t\t<div id='gallery-1' class='gallery galleryid-31038 gallery-columns-3 gallery-size-large'><figure class='gallery-item'>\n\t\t\t<div class='gallery-icon landscape'>\n\t\t\t\t<a href='https:\/\/www.henanfoils.net\/wp-content\/uploads\/2019\/08\/DUO-4.jpg'><img fetchpriority=\"high\" decoding=\"async\" width=\"800\" height=\"800\" src=\"https:\/\/www.henanfoils.net\/wp-content\/uploads\/2019\/08\/DUO-4-1024x1024.jpg\" class=\"attachment-large size-large\" alt=\"\" srcset=\"https:\/\/www.henanfoils.net\/wp-content\/uploads\/2019\/08\/DUO-4-1024x1024.jpg 1024w, https:\/\/www.henanfoils.net\/wp-content\/uploads\/2019\/08\/DUO-4-150x150.jpg 150w, https:\/\/www.henanfoils.net\/wp-content\/uploads\/2019\/08\/DUO-4-300x300.jpg 300w, https:\/\/www.henanfoils.net\/wp-content\/uploads\/2019\/08\/DUO-4.jpg 1600w\" sizes=\"(max-width: 800px) 100vw, 800px\" \/><\/a>\n\t\t\t<\/div><\/figure><figure class='gallery-item'>\n\t\t\t<div class='gallery-icon landscape'>\n\t\t\t\t<a href='https:\/\/www.henanfoils.net\/wp-content\/uploads\/2019\/08\/DUO-7.jpg'><img decoding=\"async\" width=\"800\" height=\"800\" src=\"https:\/\/www.henanfoils.net\/wp-content\/uploads\/2019\/08\/DUO-7-1024x1024.jpg\" class=\"attachment-large size-large\" alt=\"\" srcset=\"https:\/\/www.henanfoils.net\/wp-content\/uploads\/2019\/08\/DUO-7-1024x1024.jpg 1024w, https:\/\/www.henanfoils.net\/wp-content\/uploads\/2019\/08\/DUO-7-150x150.jpg 150w, https:\/\/www.henanfoils.net\/wp-content\/uploads\/2019\/08\/DUO-7-300x300.jpg 300w, https:\/\/www.henanfoils.net\/wp-content\/uploads\/2019\/08\/DUO-7.jpg 1600w\" sizes=\"(max-width: 800px) 100vw, 800px\" \/><\/a>\n\t\t\t<\/div><\/figure><figure class='gallery-item'>\n\t\t\t<div class='gallery-icon landscape'>\n\t\t\t\t<a href='https:\/\/www.henanfoils.net\/wp-content\/uploads\/2019\/08\/DUO-3.jpg'><img decoding=\"async\" width=\"800\" height=\"699\" src=\"https:\/\/www.henanfoils.net\/wp-content\/uploads\/2019\/08\/DUO-3-1024x895.jpg\" class=\"attachment-large size-large\" alt=\"\" srcset=\"https:\/\/www.henanfoils.net\/wp-content\/uploads\/2019\/08\/DUO-3-1024x895.jpg 1024w, https:\/\/www.henanfoils.net\/wp-content\/uploads\/2019\/08\/DUO-3-300x262.jpg 300w, https:\/\/www.henanfoils.net\/wp-content\/uploads\/2019\/08\/DUO-3.jpg 1600w\" sizes=\"(max-width: 800px) 100vw, 800px\" \/><\/a>\n\t\t\t<\/div><\/figure><figure class='gallery-item'>\n\t\t\t<div class='gallery-icon landscape'>\n\t\t\t\t<a href='https:\/\/www.henanfoils.net\/wp-content\/uploads\/2020\/01\/hiim.jpg'><img loading=\"lazy\" decoding=\"async\" width=\"590\" height=\"394\" src=\"https:\/\/www.henanfoils.net\/wp-content\/uploads\/2020\/01\/hiim.jpg\" class=\"attachment-large size-large\" alt=\"\" srcset=\"https:\/\/www.henanfoils.net\/wp-content\/uploads\/2020\/01\/hiim.jpg 590w, https:\/\/www.henanfoils.net\/wp-content\/uploads\/2020\/01\/hiim-300x200.jpg 300w\" sizes=\"(max-width: 590px) 100vw, 590px\" \/><\/a>\n\t\t\t<\/div><\/figure><figure class='gallery-item'>\n\t\t\t<div class='gallery-icon landscape'>\n\t\t\t\t<a href='https:\/\/www.henanfoils.net\/wp-content\/uploads\/2019\/08\/holographic_hot_stamping1-590x390.jpg'><img loading=\"lazy\" decoding=\"async\" width=\"590\" height=\"394\" src=\"https:\/\/www.henanfoils.net\/wp-content\/uploads\/2019\/08\/holographic_hot_stamping1-590x390.jpg\" class=\"attachment-large size-large\" alt=\"\" srcset=\"https:\/\/www.henanfoils.net\/wp-content\/uploads\/2019\/08\/holographic_hot_stamping1-590x390.jpg 590w, https:\/\/www.henanfoils.net\/wp-content\/uploads\/2019\/08\/holographic_hot_stamping1-590x390-300x200.jpg 300w\" sizes=\"(max-width: 590px) 100vw, 590px\" \/><\/a>\n\t\t\t<\/div><\/figure><figure class='gallery-item'>\n\t\t\t<div class='gallery-icon landscape'>\n\t\t\t\t<a href='https:\/\/www.henanfoils.net\/wp-content\/uploads\/2019\/08\/holographic_hot_stamping2-590x390.jpg'><img loading=\"lazy\" decoding=\"async\" width=\"590\" height=\"394\" src=\"https:\/\/www.henanfoils.net\/wp-content\/uploads\/2019\/08\/holographic_hot_stamping2-590x390.jpg\" class=\"attachment-large size-large\" alt=\"\" srcset=\"https:\/\/www.henanfoils.net\/wp-content\/uploads\/2019\/08\/holographic_hot_stamping2-590x390.jpg 590w, https:\/\/www.henanfoils.net\/wp-content\/uploads\/2019\/08\/holographic_hot_stamping2-590x390-300x200.jpg 300w\" sizes=\"(max-width: 590px) 100vw, 590px\" \/><\/a>\n\t\t\t<\/div><\/figure>\n\t\t<\/div>\n\n\t\t\t\t\t\t\t\t<\/div>\n\t\t\t\t<\/div>\n\t\t\t\t\t<\/div>\n\t\t<\/div>\n\t\t\t\t\t<\/div>\n\t\t<\/section>\n\t\t\t\t<section class=\"elementor-section elementor-top-section elementor-element elementor-element-0646ec7 elementor-section-stretched elementor-section-full_width footermbox elementor-section-height-default elementor-section-height-default\" data-id=\"0646ec7\" data-element_type=\"section\" data-e-type=\"section\" data-settings=\"{&quot;stretch_section&quot;:&quot;section-stretched&quot;}\">\n\t\t\t\t\t\t<div class=\"elementor-container elementor-column-gap-default\">\n\t\t\t\t\t<div class=\"elementor-column elementor-col-100 elementor-top-column elementor-element elementor-element-9700580\" data-id=\"9700580\" data-element_type=\"column\" data-e-type=\"column\">\n\t\t\t<div class=\"elementor-widget-wrap elementor-element-populated\">\n\t\t\t\t\t\t<div class=\"elementor-element elementor-element-4aba47b elementor-widget elementor-widget-template\" data-id=\"4aba47b\" data-element_type=\"widget\" data-e-type=\"widget\" data-widget_type=\"template.default\">\n\t\t\t\t<div class=\"elementor-widget-container\">\n\t\t\t\t\t \t\t\t\t<\/div>\n\t\t\t\t<\/div>\n\t\t\t\t\t<\/div>\n\t\t<\/div>\n\t\t\t\t\t<\/div>\n\t\t<\/section>\n\t\t\t\t<\/div>\n\t\t","protected":false},"excerpt":{"rendered":"<p>ESTAMPACI\u00d3N EN CALIENTE HOLOGR\u00c1FICA Serie PHS: atraiga a sus clientes con el \u00abbrillo\u00bb que aporta la l\u00e1mina hologr\u00e1fica a sus dise\u00f1os. Los patrones de l\u00e1minas hologr\u00e1ficas de la serie PHS ofrecen un aspecto din\u00e1mico diferente, complementando los gr\u00e1ficos de su dise\u00f1o para ayudarle a archivar el efecto llamativo que desea. La serie PHS es una [&hellip;]<\/p>\n","protected":false},"author":1,"featured_media":7187,"parent":31023,"menu_order":0,"comment_status":"closed","ping_status":"closed","template":"elementor_canvas","meta":{"footnotes":""},"class_list":["post-31038","page","type-page","status-publish","has-post-thumbnail","hentry"],"yoast_head":"<!-- This site is optimized with the Yoast SEO plugin v27.4 - https:\/\/yoast.com\/product\/yoast-seo-wordpress\/ -->\n<title>Holographic Hot Stamping | Henan Stamping Foils<\/title>\n<meta name=\"description\" content=\"La l\u00e1mina hologr\u00e1fica para estampaci\u00f3n en caliente, con el proceso de estampaci\u00f3n en caliente, puede transferirse a una amplia variedad de materiales, como papel, cuero, pl\u00e1stico, tela, hierro, etc.\" \/>\n<meta name=\"robots\" content=\"index, follow, max-snippet:-1, max-image-preview:large, max-video-preview:-1\" \/>\n<link rel=\"canonical\" href=\"https:\/\/www.henanfoils.net\/es\/productos\/lamina-holografica\/estampacion-en-caliente-holografica\/\" \/>\n<meta property=\"og:locale\" content=\"es_ES\" \/>\n<meta property=\"og:type\" content=\"article\" \/>\n<meta property=\"og:title\" content=\"Holographic Hot Stamping | Henan Stamping Foils\" \/>\n<meta property=\"og:description\" content=\"La l\u00e1mina hologr\u00e1fica para estampaci\u00f3n en caliente, con el proceso de estampaci\u00f3n en caliente, puede transferirse a una amplia variedad de materiales, como papel, cuero, pl\u00e1stico, tela, hierro, etc.\" \/>\n<meta property=\"og:url\" content=\"https:\/\/www.henanfoils.net\/es\/productos\/lamina-holografica\/estampacion-en-caliente-holografica\/\" \/>\n<meta property=\"og:site_name\" content=\"Henan Stamping Foils\" \/>\n<meta property=\"article:publisher\" content=\"https:\/\/www.facebook.com\/henan.foils\" \/>\n<meta property=\"article:modified_time\" content=\"2023-12-20T06:31:39+00:00\" \/>\n<meta property=\"og:image\" content=\"https:\/\/www.henanfoils.net\/wp-content\/uploads\/2014\/05\/fondo-header-1.jpg\" \/>\n\t<meta property=\"og:image:width\" content=\"1583\" \/>\n\t<meta property=\"og:image:height\" content=\"480\" \/>\n\t<meta property=\"og:image:type\" content=\"image\/jpeg\" \/>\n<meta name=\"twitter:card\" content=\"summary_large_image\" \/>\n<meta name=\"twitter:site\" content=\"@Henanfoils\" \/>\n<meta name=\"twitter:label1\" content=\"Tiempo de lectura\" \/>\n\t<meta name=\"twitter:data1\" content=\"1 minuto\" \/>\n<script type=\"application\/ld+json\" class=\"yoast-schema-graph\">{\"@context\":\"https:\\\/\\\/schema.org\",\"@graph\":[{\"@type\":\"WebPage\",\"@id\":\"https:\\\/\\\/www.henanfoils.net\\\/es\\\/productos\\\/lamina-holografica\\\/estampacion-en-caliente-holografica\\\/\",\"url\":\"https:\\\/\\\/www.henanfoils.net\\\/es\\\/productos\\\/lamina-holografica\\\/estampacion-en-caliente-holografica\\\/\",\"name\":\"Holographic Hot Stamping | Henan Stamping Foils\",\"isPartOf\":{\"@id\":\"https:\\\/\\\/www.henanfoils.net\\\/#website\"},\"primaryImageOfPage\":{\"@id\":\"https:\\\/\\\/www.henanfoils.net\\\/es\\\/productos\\\/lamina-holografica\\\/estampacion-en-caliente-holografica\\\/#primaryimage\"},\"image\":{\"@id\":\"https:\\\/\\\/www.henanfoils.net\\\/es\\\/productos\\\/lamina-holografica\\\/estampacion-en-caliente-holografica\\\/#primaryimage\"},\"thumbnailUrl\":\"https:\\\/\\\/www.henanfoils.net\\\/wp-content\\\/uploads\\\/2014\\\/05\\\/fondo-header-1.jpg\",\"datePublished\":\"2023-12-20T06:31:38+00:00\",\"dateModified\":\"2023-12-20T06:31:39+00:00\",\"description\":\"La l\u00e1mina hologr\u00e1fica para estampaci\u00f3n en caliente, con el proceso de estampaci\u00f3n en caliente, puede transferirse a una amplia variedad de materiales, como papel, cuero, pl\u00e1stico, tela, hierro, etc.\",\"breadcrumb\":{\"@id\":\"https:\\\/\\\/www.henanfoils.net\\\/es\\\/productos\\\/lamina-holografica\\\/estampacion-en-caliente-holografica\\\/#breadcrumb\"},\"inLanguage\":\"es\",\"potentialAction\":[{\"@type\":\"ReadAction\",\"target\":[\"https:\\\/\\\/www.henanfoils.net\\\/es\\\/productos\\\/lamina-holografica\\\/estampacion-en-caliente-holografica\\\/\"]}]},{\"@type\":\"ImageObject\",\"inLanguage\":\"es\",\"@id\":\"https:\\\/\\\/www.henanfoils.net\\\/es\\\/productos\\\/lamina-holografica\\\/estampacion-en-caliente-holografica\\\/#primaryimage\",\"url\":\"https:\\\/\\\/www.henanfoils.net\\\/wp-content\\\/uploads\\\/2014\\\/05\\\/fondo-header-1.jpg\",\"contentUrl\":\"https:\\\/\\\/www.henanfoils.net\\\/wp-content\\\/uploads\\\/2014\\\/05\\\/fondo-header-1.jpg\",\"width\":1583,\"height\":480},{\"@type\":\"BreadcrumbList\",\"@id\":\"https:\\\/\\\/www.henanfoils.net\\\/es\\\/productos\\\/lamina-holografica\\\/estampacion-en-caliente-holografica\\\/#breadcrumb\",\"itemListElement\":[{\"@type\":\"ListItem\",\"position\":1,\"name\":\"Home\",\"item\":\"https:\\\/\\\/www.henanfoils.net\\\/es\\\/inicio_ok\\\/\"},{\"@type\":\"ListItem\",\"position\":2,\"name\":\"Productos\",\"item\":\"https:\\\/\\\/www.henanfoils.net\\\/es\\\/productos\\\/\"},{\"@type\":\"ListItem\",\"position\":3,\"name\":\"L\u00e1mina hologr\u00e1fica\",\"item\":\"https:\\\/\\\/www.henanfoils.net\\\/es\\\/productos\\\/lamina-holografica\\\/\"},{\"@type\":\"ListItem\",\"position\":4,\"name\":\"Estampaci\u00f3n en caliente hologr\u00e1fica\"}]},{\"@type\":\"WebSite\",\"@id\":\"https:\\\/\\\/www.henanfoils.net\\\/#website\",\"url\":\"https:\\\/\\\/www.henanfoils.net\\\/\",\"name\":\"Henan Stamping Foils\",\"description\":\"Henan stamping foils\",\"publisher\":{\"@id\":\"https:\\\/\\\/www.henanfoils.net\\\/#organization\"},\"potentialAction\":[{\"@type\":\"SearchAction\",\"target\":{\"@type\":\"EntryPoint\",\"urlTemplate\":\"https:\\\/\\\/www.henanfoils.net\\\/?s={search_term_string}\"},\"query-input\":{\"@type\":\"PropertyValueSpecification\",\"valueRequired\":true,\"valueName\":\"search_term_string\"}}],\"inLanguage\":\"es\"},{\"@type\":\"Organization\",\"@id\":\"https:\\\/\\\/www.henanfoils.net\\\/#organization\",\"name\":\"Henan Foils\",\"url\":\"https:\\\/\\\/www.henanfoils.net\\\/\",\"logo\":{\"@type\":\"ImageObject\",\"inLanguage\":\"es\",\"@id\":\"https:\\\/\\\/www.henanfoils.net\\\/#\\\/schema\\\/logo\\\/image\\\/\",\"url\":\"https:\\\/\\\/www.henanfoils.net\\\/wp-content\\\/uploads\\\/2018\\\/05\\\/HF-logo-Gold-swan.jpg\",\"contentUrl\":\"https:\\\/\\\/www.henanfoils.net\\\/wp-content\\\/uploads\\\/2018\\\/05\\\/HF-logo-Gold-swan.jpg\",\"width\":509,\"height\":382,\"caption\":\"Henan Foils\"},\"image\":{\"@id\":\"https:\\\/\\\/www.henanfoils.net\\\/#\\\/schema\\\/logo\\\/image\\\/\"},\"sameAs\":[\"https:\\\/\\\/www.facebook.com\\\/henan.foils\",\"https:\\\/\\\/x.com\\\/Henanfoils\"]}]}<\/script>\n<!-- \/ Yoast SEO plugin. -->","yoast_head_json":{"title":"Holographic Hot Stamping | Henan Stamping Foils","description":"La l\u00e1mina hologr\u00e1fica para estampaci\u00f3n en caliente, con el proceso de estampaci\u00f3n en caliente, puede transferirse a una amplia variedad de materiales, como papel, cuero, pl\u00e1stico, tela, hierro, etc.","robots":{"index":"index","follow":"follow","max-snippet":"max-snippet:-1","max-image-preview":"max-image-preview:large","max-video-preview":"max-video-preview:-1"},"canonical":"https:\/\/www.henanfoils.net\/es\/productos\/lamina-holografica\/estampacion-en-caliente-holografica\/","og_locale":"es_ES","og_type":"article","og_title":"Holographic Hot Stamping | Henan Stamping Foils","og_description":"La l\u00e1mina hologr\u00e1fica para estampaci\u00f3n en caliente, con el proceso de estampaci\u00f3n en caliente, puede transferirse a una amplia variedad de materiales, como papel, cuero, pl\u00e1stico, tela, hierro, etc.","og_url":"https:\/\/www.henanfoils.net\/es\/productos\/lamina-holografica\/estampacion-en-caliente-holografica\/","og_site_name":"Henan Stamping Foils","article_publisher":"https:\/\/www.facebook.com\/henan.foils","article_modified_time":"2023-12-20T06:31:39+00:00","og_image":[{"width":1583,"height":480,"url":"https:\/\/www.henanfoils.net\/wp-content\/uploads\/2014\/05\/fondo-header-1.jpg","type":"image\/jpeg"}],"twitter_card":"summary_large_image","twitter_site":"@Henanfoils","twitter_misc":{"Tiempo de lectura":"1 minuto"},"schema":{"@context":"https:\/\/schema.org","@graph":[{"@type":"WebPage","@id":"https:\/\/www.henanfoils.net\/es\/productos\/lamina-holografica\/estampacion-en-caliente-holografica\/","url":"https:\/\/www.henanfoils.net\/es\/productos\/lamina-holografica\/estampacion-en-caliente-holografica\/","name":"Holographic Hot Stamping | Henan Stamping Foils","isPartOf":{"@id":"https:\/\/www.henanfoils.net\/#website"},"primaryImageOfPage":{"@id":"https:\/\/www.henanfoils.net\/es\/productos\/lamina-holografica\/estampacion-en-caliente-holografica\/#primaryimage"},"image":{"@id":"https:\/\/www.henanfoils.net\/es\/productos\/lamina-holografica\/estampacion-en-caliente-holografica\/#primaryimage"},"thumbnailUrl":"https:\/\/www.henanfoils.net\/wp-content\/uploads\/2014\/05\/fondo-header-1.jpg","datePublished":"2023-12-20T06:31:38+00:00","dateModified":"2023-12-20T06:31:39+00:00","description":"La l\u00e1mina hologr\u00e1fica para estampaci\u00f3n en caliente, con el proceso de estampaci\u00f3n en caliente, puede transferirse a una amplia variedad de materiales, como papel, cuero, pl\u00e1stico, tela, hierro, etc.","breadcrumb":{"@id":"https:\/\/www.henanfoils.net\/es\/productos\/lamina-holografica\/estampacion-en-caliente-holografica\/#breadcrumb"},"inLanguage":"es","potentialAction":[{"@type":"ReadAction","target":["https:\/\/www.henanfoils.net\/es\/productos\/lamina-holografica\/estampacion-en-caliente-holografica\/"]}]},{"@type":"ImageObject","inLanguage":"es","@id":"https:\/\/www.henanfoils.net\/es\/productos\/lamina-holografica\/estampacion-en-caliente-holografica\/#primaryimage","url":"https:\/\/www.henanfoils.net\/wp-content\/uploads\/2014\/05\/fondo-header-1.jpg","contentUrl":"https:\/\/www.henanfoils.net\/wp-content\/uploads\/2014\/05\/fondo-header-1.jpg","width":1583,"height":480},{"@type":"BreadcrumbList","@id":"https:\/\/www.henanfoils.net\/es\/productos\/lamina-holografica\/estampacion-en-caliente-holografica\/#breadcrumb","itemListElement":[{"@type":"ListItem","position":1,"name":"Home","item":"https:\/\/www.henanfoils.net\/es\/inicio_ok\/"},{"@type":"ListItem","position":2,"name":"Productos","item":"https:\/\/www.henanfoils.net\/es\/productos\/"},{"@type":"ListItem","position":3,"name":"L\u00e1mina hologr\u00e1fica","item":"https:\/\/www.henanfoils.net\/es\/productos\/lamina-holografica\/"},{"@type":"ListItem","position":4,"name":"Estampaci\u00f3n en caliente hologr\u00e1fica"}]},{"@type":"WebSite","@id":"https:\/\/www.henanfoils.net\/#website","url":"https:\/\/www.henanfoils.net\/","name":"Henan Stamping Foils","description":"Henan stamping foils","publisher":{"@id":"https:\/\/www.henanfoils.net\/#organization"},"potentialAction":[{"@type":"SearchAction","target":{"@type":"EntryPoint","urlTemplate":"https:\/\/www.henanfoils.net\/?s={search_term_string}"},"query-input":{"@type":"PropertyValueSpecification","valueRequired":true,"valueName":"search_term_string"}}],"inLanguage":"es"},{"@type":"Organization","@id":"https:\/\/www.henanfoils.net\/#organization","name":"Henan Foils","url":"https:\/\/www.henanfoils.net\/","logo":{"@type":"ImageObject","inLanguage":"es","@id":"https:\/\/www.henanfoils.net\/#\/schema\/logo\/image\/","url":"https:\/\/www.henanfoils.net\/wp-content\/uploads\/2018\/05\/HF-logo-Gold-swan.jpg","contentUrl":"https:\/\/www.henanfoils.net\/wp-content\/uploads\/2018\/05\/HF-logo-Gold-swan.jpg","width":509,"height":382,"caption":"Henan Foils"},"image":{"@id":"https:\/\/www.henanfoils.net\/#\/schema\/logo\/image\/"},"sameAs":["https:\/\/www.facebook.com\/henan.foils","https:\/\/x.com\/Henanfoils"]}]}},"_links":{"self":[{"href":"https:\/\/www.henanfoils.net\/es\/wp-json\/wp\/v2\/pages\/31038","targetHints":{"allow":["GET"]}}],"collection":[{"href":"https:\/\/www.henanfoils.net\/es\/wp-json\/wp\/v2\/pages"}],"about":[{"href":"https:\/\/www.henanfoils.net\/es\/wp-json\/wp\/v2\/types\/page"}],"author":[{"embeddable":true,"href":"https:\/\/www.henanfoils.net\/es\/wp-json\/wp\/v2\/users\/1"}],"replies":[{"embeddable":true,"href":"https:\/\/www.henanfoils.net\/es\/wp-json\/wp\/v2\/comments?post=31038"}],"version-history":[{"count":3,"href":"https:\/\/www.henanfoils.net\/es\/wp-json\/wp\/v2\/pages\/31038\/revisions"}],"predecessor-version":[{"id":31041,"href":"https:\/\/www.henanfoils.net\/es\/wp-json\/wp\/v2\/pages\/31038\/revisions\/31041"}],"up":[{"embeddable":true,"href":"https:\/\/www.henanfoils.net\/es\/wp-json\/wp\/v2\/pages\/31023"}],"wp:featuredmedia":[{"embeddable":true,"href":"https:\/\/www.henanfoils.net\/es\/wp-json\/wp\/v2\/media\/7187"}],"wp:attachment":[{"href":"https:\/\/www.henanfoils.net\/es\/wp-json\/wp\/v2\/media?parent=31038"}],"curies":[{"name":"wp","href":"https:\/\/api.w.org\/{rel}","templated":true}]}}